{"id":17,"date":"2020-06-01T12:59:26","date_gmt":"2020-06-01T12:59:26","guid":{"rendered":"https:\/\/bebstefyld.it\/?page_id=17"},"modified":"2025-01-31T15:50:57","modified_gmt":"2025-01-31T15:50:57","slug":"benvenuti-al-bb-stefyld","status":"publish","type":"page","link":"https:\/\/bebstefyld.com\/","title":{"rendered":"Benvenuti al B&#038;B Stefyld"},"content":{"rendered":"<p>Situato a Paola, a 2,1 km dal Santuario di San Francesco di Paola, a 2 km da centro citt\u00e0, a 2,5 km dal Tribunale di Paola, a 4 km dal mare, il B&amp;B Stefyld ti offre grande ospitalit\u00e0, in una posizione centrale per raggiungere anche a piedi queste ed altre mete e famose localit\u00e0 turistiche.<\/p>\n<p>Ti offre gratuitamente la connessione WiFi e il parcheggio privato.<br \/>\nTutte le unit\u00e0 sono dotate di aria condizionata, frigorifero, piano cottura, macchina da caff\u00e8, bidet, asciugacapelli, armadio, TV a schermo piatto, bagno privato e balcone con vista sulla citt\u00e0.<\/p>\n<p>Il B&amp;B Stefyld dista 64 km dall\u2019Aeroporto Internazionale di Lamezia Terme, lo scalo pi\u00f9 vicino, a 35 km dalla citt\u00e0 di Cosenza, a 20 Km dal porto turistico di Cetraro.<\/p>\n<p>Essendo Paola ubicata sulla costa Tirrenica Cosentina, \u00e8 possibile visitare le principali localit\u00e0 turistiche della Zona che distano solo a pochi decine di Km.<br \/>\nPer gli amanti del mare infatti \u00e8 possibile visitare localit\u00e0 come Diamante con la famosa spiaggia bianca, i suoi Murales e la famosa festa del Peperoncino, l\u2019isola di Dino con le sue meravigliose grotte a Praia a Mare, l\u2019incantevole Arcomagno di San Nicola Arcella, le Terme Luigiane a Guardia Piemontese, il bellissimo borgo tra i pi\u00f9 famosi d\u2019Italia Fiumefreddo Bruzio, fare del rafting presso il fiume Lao di Scalea, guastare le prelibatezze fatte con il cedro di Santa Maria del Cedro.<br \/>\nPer gli amanti della montagna invece, si pu\u00f2 visitare il Parco Nazionale del Pollino o l\u2019affascinante comprensorio della Sila.<\/p>\n<p style=\"text-align: left;\">Cosa aspetti fai subito la tua prenotazione <a href=\"https:\/\/booking.inreception.com\/stefyld\" target=\"_blank\" rel=\"noopener noreferrer\"><img loading=\"lazy\" decoding=\"async\" class=\"alignnone wp-image-100\" src=\"https:\/\/bebstefyld.it\/wp-content\/uploads\/2020\/06\/prenota-e1591046069639-300x91.png\" alt=\"\" width=\"158\" height=\"48\" srcset=\"https:\/\/bebstefyld.com\/wp-content\/uploads\/2020\/06\/prenota-e1591046069639-300x91.png 300w, https:\/\/bebstefyld.com\/wp-content\/uploads\/2020\/06\/prenota-e1591046069639.png 376w\" sizes=\"auto, (max-width: 158px) 100vw, 158px\" \/><\/a><span style=\"font-size: 1rem;\">\u00a0<\/span><\/p>\n<p>Oppure prenota tramite la promo <strong>PrenotaFast<\/strong> tramite <strong>WHATSAPP<\/strong><br \/>\n(+39 389 4257686) o la pagina di <strong><a href=\"https:\/\/bebstefyld.it\/?page_id=171\">CONTATTO<\/a><\/strong> ed avrai diritto ad uno sconto ulteriore. Approfittane!!!<\/p>\n<p>&nbsp;<\/p>\n<p><img loading=\"lazy\" decoding=\"async\" class=\"alignnone wp-image-138\" src=\"https:\/\/bebstefyld.it\/wp-content\/uploads\/2020\/06\/gallery-300x80.png\" alt=\"\" width=\"625\" height=\"167\" srcset=\"https:\/\/bebstefyld.com\/wp-content\/uploads\/2020\/06\/gallery-300x80.png 300w, https:\/\/bebstefyld.com\/wp-content\/uploads\/2020\/06\/gallery-768x204.png 768w, https:\/\/bebstefyld.com\/wp-content\/uploads\/2020\/06\/gallery.png 821w\" sizes=\"auto, (max-width: 625px) 100vw, 625px\" \/><\/p>\n<p>C.I.R.:\u00a0 078091-BBF-00006<br \/>\nC.I.N.:\u00a0 IT078091C1CKCAFJ93<\/p>\n","protected":false},"excerpt":{"rendered":"<p>Situato a Paola, a 2,1 km dal Santuario di San Francesco di Paola, a 2 km da centro citt\u00e0, a 2,5 km dal Tribunale di Paola, a 4 km dal mare, il B&amp;B Stefyld ti offre grande ospitalit\u00e0, in una posizione centrale per raggiungere anche a piedi queste ed altre mete e famose localit\u00e0 turistiche. &hellip; <\/p>\n<p class=\"link-more\"><a href=\"https:\/\/bebstefyld.com\/\" class=\"more-link\">Leggi tutto<span class=\"screen-reader-text\"> &#8220;Benvenuti al B&#038;B Stefyld&#8221;<\/span><\/a><\/p>\n","protected":false},"author":1,"featured_media":0,"parent":0,"menu_order":0,"comment_status":"closed","ping_status":"closed","template":"","meta":{"footnotes":""},"class_list":["post-17","page","type-page","status-publish","hentry"],"_links":{"self":[{"href":"https:\/\/bebstefyld.com\/index.php?rest_route=\/wp\/v2\/pages\/17","targetHints":{"allow":["GET"]}}],"collection":[{"href":"https:\/\/bebstefyld.com\/index.php?rest_route=\/wp\/v2\/pages"}],"about":[{"href":"https:\/\/bebstefyld.com\/index.php?rest_route=\/wp\/v2\/types\/page"}],"author":[{"embeddable":true,"href":"https:\/\/bebstefyld.com\/index.php?rest_route=\/wp\/v2\/users\/1"}],"replies":[{"embeddable":true,"href":"https:\/\/bebstefyld.com\/index.php?rest_route=%2Fwp%2Fv2%2Fcomments&post=17"}],"version-history":[{"count":21,"href":"https:\/\/bebstefyld.com\/index.php?rest_route=\/wp\/v2\/pages\/17\/revisions"}],"predecessor-version":[{"id":180,"href":"https:\/\/bebstefyld.com\/index.php?rest_route=\/wp\/v2\/pages\/17\/revisions\/180"}],"wp:attachment":[{"href":"https:\/\/bebstefyld.com\/index.php?rest_route=%2Fwp%2Fv2%2Fmedia&parent=17"}],"curies":[{"name":"wp","href":"https:\/\/api.w.org\/{rel}","templated":true}]}}